{"id":2455,"date":"2026-04-22T10:52:55","date_gmt":"2026-04-22T13:52:55","guid":{"rendered":"http:\/\/teatroabordo.com.br\/site\/?page_id=2455"},"modified":"2026-04-28T15:16:27","modified_gmt":"2026-04-28T18:16:27","slug":"brincarias","status":"publish","type":"page","link":"https:\/\/teatroabordo.com.br\/site\/brincarias\/","title":{"rendered":"Brincarias"},"content":{"rendered":"\n<figure class=\"wp-block-embed is-type-wp-embed is-provider-fliphtml-5 wp-block-embed-fliphtml-5\"><div class=\"wp-block-embed__wrapper\">\n<iframe loading=\"lazy\" class=\"wp-embedded-content\" sandbox=\"allow-scripts\" security=\"restricted\" title=\"Brincarias\" width=\"640\" height=\"360\" src=\"https:\/\/online.fliphtml5.com\/Teatro_a_Bordo\/TALITA_BRINCARIAS_LAYOUT-FIXO_20260423\/#?secret=Dg47TXcvHR\" data-secret=\"Dg47TXcvHR\" scrolling=\"no\" frameborder=\"0\"><\/iframe>\n<\/div><\/figure>\n\n\n\n<p>Acesse o MiniDOC no Youtube:<br><a href=\"https:\/\/youtu.be\/qwHlX56N1Rs\">https:\/\/youtu.be\/qwHlX56N1Rs<\/a><br><br>Fa\u00e7a aqui o download&nbsp;do LIVRO EM PDF:<br><a href=\"https:\/\/drive.google.com\/file\/d\/1tzmjT9MQy39EN-rFyrEGjegu1_8rrbiV\/view?usp=drive_link\">https:\/\/drive.google.com\/file\/d\/1tzmjT9MQy39EN-rFyrEGjegu1_8rrbiV\/view?usp=drive_link<\/a><\/p>\n\n\n\n<p>Fa\u00e7a aqui o download do LIVRO em formato EPUB (livro digital e-book):<br><a href=\"https:\/\/drive.google.com\/file\/d\/19tFnlDee5HooLDL-jiwU1kquq0ebpqwy\/view?usp=sharing\">https:\/\/drive.google.com\/file\/d\/19tFnlDee5HooLDL-jiwU1kquq0ebpqwy\/view?usp=sharing<\/a><\/p>\n\n\n\n<figure class=\"wp-block-embed is-type-video is-provider-youtube wp-block-embed-youtube wp-embed-aspect-16-9 wp-has-aspect-ratio\"><div class=\"wp-block-embed__wrapper\">\n<iframe loading=\"lazy\" title=\"BRINCARIAS Resgate da mem\u00f3ria afetiva da inf\u00e2ncia em comunidades tradicionais do Vale do Ribeira\/SP\" width=\"500\" height=\"281\" src=\"https:\/\/www.youtube.com\/embed\/qwHlX56N1Rs?feature=oembed\" frameborder=\"0\" allow=\"accelerometer; autoplay; clipboard-write; encrypted-media; gyroscope; picture-in-picture; web-share\" referrerpolicy=\"strict-origin-when-cross-origin\" allowfullscreen><\/iframe>\n<\/div><\/figure>\n\n\n\n<p><\/p>\n\n\n\n<p>Este livro \u00e9 resultado de um projeto de pesquisa e documenta\u00e7\u00e3o cultural realizado por Talita Berthi no Vale do Ribeira\/SP entre os anos de 2025 e 2026. Durante esse per\u00edodo, foram coletadas entrevistas narrativas de e com pessoas idosas que, gentilmente, relataram suas experi\u00eancias de inf\u00e2ncia em territ\u00f3rios tradicionais da regi\u00e3o, como comunidades ind\u00edgenas, quilombolas, cai\u00e7aras e em grupos formados por imigrantes orientais e europeus. Em uma segunda etapa, tendo o material recolhido como refer\u00eancia, foram realizadas viv\u00eancias pr\u00e1ticas ativando a mem\u00f3ria afetiva e corporal entre as frequentadoras do Centro de Conviv\u00eancia do Idoso de Canan\u00e9ia, contribuindo para o desenvolvimento do potencial criativo dessas pessoas. Como resultado, temos um rico material que expressa o modo de viver das comunidades em harmonia com o meio ambiente, a sabedoria da cultura popular com seus brinquedos inventados, cantigas e brincadeiras, e a resili\u00eancia das inf\u00e2ncias suprimidas. Boa leitura!<\/p>\n","protected":false},"excerpt":{"rendered":"<p>Acesse o MiniDOC no Youtube:https:\/\/youtu.be\/qwHlX56N1Rs Fa\u00e7a aqui o download&nbsp;do LIVRO EM PDF:https:\/\/drive.google.com\/file\/d\/1tzmjT9MQy39EN-rFyrEGjegu1_8rrbiV\/view?usp=drive_link Fa\u00e7a aqui o download do LIVRO em formato EPUB (livro digital e-book):https:\/\/drive.google.com\/file\/d\/19tFnlDee5HooLDL-jiwU1kquq0ebpqwy\/view?usp=sharing Este livro \u00e9 resultado de um projeto de pesquisa e documenta\u00e7\u00e3o cultural realizado por Talita Berthi no Vale do Ribeira\/SP entre os anos de 2025 e 2026. Durante esse per\u00edodo, foram coletadas entrevistas narrativas de e com pessoas idosas que, gentilmente, relataram suas experi\u00eancias de inf\u00e2ncia em territ\u00f3rios tradicionais da regi\u00e3o, como comunidades ind\u00edgenas, quilombolas, cai\u00e7aras e em grupos formados por imigrantes orientais e europeus. Em uma segunda etapa, tendo o material recolhido como refer\u00eancia, foram [&hellip;]<\/p>\n","protected":false},"author":2,"featured_media":0,"parent":0,"menu_order":0,"comment_status":"closed","ping_status":"closed","template":"","meta":{"footnotes":""},"class_list":["post-2455","page","type-page","status-publish","hentry"],"publishpress_future_action":{"enabled":false,"date":"0","action":"","terms":[],"taxonomy":""},"_links":{"self":[{"href":"https:\/\/teatroabordo.com.br\/site\/wp-json\/wp\/v2\/pages\/2455","targetHints":{"allow":["GET"]}}],"collection":[{"href":"https:\/\/teatroabordo.com.br\/site\/wp-json\/wp\/v2\/pages"}],"about":[{"href":"https:\/\/teatroabordo.com.br\/site\/wp-json\/wp\/v2\/types\/page"}],"author":[{"embeddable":true,"href":"https:\/\/teatroabordo.com.br\/site\/wp-json\/wp\/v2\/users\/2"}],"replies":[{"embeddable":true,"href":"https:\/\/teatroabordo.com.br\/site\/wp-json\/wp\/v2\/comments?post=2455"}],"version-history":[{"count":10,"href":"https:\/\/teatroabordo.com.br\/site\/wp-json\/wp\/v2\/pages\/2455\/revisions"}],"predecessor-version":[{"id":2473,"href":"https:\/\/teatroabordo.com.br\/site\/wp-json\/wp\/v2\/pages\/2455\/revisions\/2473"}],"wp:attachment":[{"href":"https:\/\/teatroabordo.com.br\/site\/wp-json\/wp\/v2\/media?parent=2455"}],"curies":[{"name":"wp","href":"https:\/\/api.w.org\/{rel}","templated":true}]}}