{"id":33,"date":"2023-07-03T17:58:40","date_gmt":"2023-07-03T20:58:40","guid":{"rendered":"http:\/\/teatroabordo.com.br\/site\/?page_id=33"},"modified":"2025-09-16T11:35:11","modified_gmt":"2025-09-16T14:35:11","slug":"o-teatro-a-bordo","status":"publish","type":"page","link":"https:\/\/teatroabordo.com.br\/site\/o-teatro-a-bordo\/","title":{"rendered":"O Teatro a Bordo"},"content":{"rendered":"\n<p class=\"has-text-align-left\"><strong>O Teatro a Bordo \u00e9 o primeiro teatro m\u00f3vel solar do Brasil<\/strong>, contando com apresenta\u00e7\u00f5es gratuitas de teatro, oficinas educativas, cortejos e interven\u00e7\u00f5es art\u00edsticas em seu cont\u00eainer-palco que viaja por todo o pa\u00eds.<\/p>\n\n\n\n<p class=\"has-text-align-left\">As apresenta\u00e7\u00f5es s\u00e3o realizadas em pra\u00e7as e espa\u00e7os p\u00fablicos, com <strong>acesso gratuito e irrestrito da popula\u00e7\u00e3o<\/strong>, abrindo suas cortinas tamb\u00e9m para o artista da cidade, proporcionando o <strong>interc\u00e2mbio cultural <\/strong>e a<strong> valoriza\u00e7\u00e3o da cultura local.<\/strong><\/p>\n\n\n\n<p class=\"has-text-align-left\"><strong>O projeto foi idealizado em 2007 por Talita Berthi e j\u00e1 foi visto por quase um milh\u00e3o de espectadores em centenas de cidades brasileiras.<\/strong><\/p>\n\n\n\n<p class=\"has-text-align-left\">Em 2015, os criadores do projeto, Talita Berthi e Douglas Zanovelli, inovaram: decidiram <strong>gerar a eletricidade para iluminar o palco<\/strong> e deram vida ao primeiro teatro m\u00f3vel solar do Brasil. Inspirado nas trupes da&nbsp;<em>commedia dell\u2019arte<\/em>,&nbsp;que cruzavam a Europa entre os s\u00e9culos XV e XVIII em carro\u00e7as e, muitas vezes, criavam efeitos de luz em seus espet\u00e1culos com o sol refletido em espelhos,<strong> o Teatro a Bordo utiliza a tecnologia atual para dar vida \u00e0s hist\u00f3rias!<\/strong><\/p>\n\n\n\n<p><\/p>\n\n\n\n<p><\/p>\n\n\n\n<p><strong>OS IDEALIZADORES<\/strong>:<\/p>\n\n\n\n<p><strong>Talita Berthi<\/strong> e <strong>Douglas Zanovelli<\/strong> s\u00e3o atuantes da cultura desde a adolesc\u00eancia, quando o teatro chegou em suas vidas e trouxe esperan\u00e7a. Estudaram ci\u00eancias sociais, pedagogia, m\u00fasica, l\u00edngua e literatura e fizeram muito teatro em escolas, pra\u00e7as e festivais pelo Brasil. Vindos de comunidades de pouco acesso \u00e0 diversidade cultural, viram no teatro a chance de transformar n\u00e3o s\u00f3 a sua realidade, mas a de outras pessoas. Juntos, viajaram por mais de 400 cidades a bordo do Caixola, valorizando as identidades locais, conhecendo um pouquinho de cada canto do Brasil. Durante a pandemia do COVID-19, isolados em casa com a filha Mariana, sem poder viajar com seu caminh\u00e3o-palco pelas estradas, imaginaram uma forma l\u00fadica de suportar os horrores deste tempo: junto com a filha e os amigos do Grupo Teatro a Bordo, embarcaram em uma viagem pelos ares e sobrevoaram as cidades, conhecendo hist\u00f3rias e pessoas, usando toda a for\u00e7a da imagina\u00e7\u00e3o! Logo depois, idealizaram e coordenaram a cole\u00e7\u00e3o de livros \u201cCaixola de Hist\u00f3rias para Ler e Ouvir\u201d, escrito por Cida Cunha e ilustrado por Leo Porto. Atualmente est\u00e3o \u00e0 frente da produ\u00e7\u00e3o e coordena\u00e7\u00e3o geral da itiner\u00e2ncia nacional dos Projetos \u201cCaixola Brincante\u201d e \u201cTeatro M\u00f3vel Solar\u201d.<\/p>\n\n\n\n<p><\/p>\n\n\n\n<p><strong>PARCEIROS:<\/strong><\/p>\n\n\n\n<p>Para que seja poss\u00edvel democratizar o acesso \u00e0 cultura, levando espet\u00e1culos de forma gratuita para as mais diversas cidades brasileiras, contamos com a aprova\u00e7\u00e3o nas Leis de Incentivo \u00e0 Cultura do Minist\u00e9rio da Cultura (Lei Rouanet) e da Secretaria de Estado da Cultura de SP (ProAC), al\u00e9m do patroc\u00ednio de grandes empresas ao longo destes 17 anos.<\/p>\n\n\n\n<p>Patrocinadores no ano de 2025:<\/p>\n\n\n\n<p><img loading=\"lazy\" decoding=\"async\" width=\"150\" height=\"96\" class=\"wp-image-2423\" style=\"width: 150px;\" src=\"http:\/\/teatroabordo.com.br\/site\/wp-content\/uploads\/2025\/07\/lei_de_incentivo_a_cultura_original.png\" alt=\"\" srcset=\"https:\/\/teatroabordo.com.br\/site\/wp-content\/uploads\/2025\/07\/lei_de_incentivo_a_cultura_original.png 808w, https:\/\/teatroabordo.com.br\/site\/wp-content\/uploads\/2025\/07\/lei_de_incentivo_a_cultura_original-300x192.png 300w, https:\/\/teatroabordo.com.br\/site\/wp-content\/uploads\/2025\/07\/lei_de_incentivo_a_cultura_original-768x490.png 768w\" sizes=\"auto, (max-width: 150px) 100vw, 150px\" \/> <\/p>\n\n\n\n<p><img loading=\"lazy\" decoding=\"async\" width=\"130\" height=\"53\" class=\"wp-image-2417\" style=\"width: 130px;\" src=\"http:\/\/teatroabordo.com.br\/site\/wp-content\/uploads\/2025\/07\/logo_NTS_Logotransparente-1.png\" alt=\"\" srcset=\"https:\/\/teatroabordo.com.br\/site\/wp-content\/uploads\/2025\/07\/logo_NTS_Logotransparente-1.png 1500w, https:\/\/teatroabordo.com.br\/site\/wp-content\/uploads\/2025\/07\/logo_NTS_Logotransparente-1-300x122.png 300w, https:\/\/teatroabordo.com.br\/site\/wp-content\/uploads\/2025\/07\/logo_NTS_Logotransparente-1-1024x417.png 1024w, https:\/\/teatroabordo.com.br\/site\/wp-content\/uploads\/2025\/07\/logo_NTS_Logotransparente-1-768x313.png 768w\" sizes=\"auto, (max-width: 130px) 100vw, 130px\" \/> <\/p>\n\n\n\n<p><img loading=\"lazy\" decoding=\"async\" width=\"130\" height=\"130\" class=\"wp-image-2422\" style=\"width: 130px;\" src=\"http:\/\/teatroabordo.com.br\/site\/wp-content\/uploads\/2025\/07\/logo-vale-2048.png\" alt=\"\" srcset=\"https:\/\/teatroabordo.com.br\/site\/wp-content\/uploads\/2025\/07\/logo-vale-2048.png 2048w, https:\/\/teatroabordo.com.br\/site\/wp-content\/uploads\/2025\/07\/logo-vale-2048-300x300.png 300w, https:\/\/teatroabordo.com.br\/site\/wp-content\/uploads\/2025\/07\/logo-vale-2048-1024x1024.png 1024w, https:\/\/teatroabordo.com.br\/site\/wp-content\/uploads\/2025\/07\/logo-vale-2048-768x768.png 768w, https:\/\/teatroabordo.com.br\/site\/wp-content\/uploads\/2025\/07\/logo-vale-2048-1536x1536.png 1536w, https:\/\/teatroabordo.com.br\/site\/wp-content\/uploads\/2025\/07\/logo-vale-2048-500x500.png 500w\" sizes=\"auto, (max-width: 130px) 100vw, 130px\" \/><\/p>\n\n\n\n<p><img loading=\"lazy\" decoding=\"async\" width=\"150\" height=\"150\" class=\"wp-image-2431\" style=\"width: 150px;\" src=\"http:\/\/teatroabordo.com.br\/site\/wp-content\/uploads\/2025\/08\/logo-femsa-1-4-1.png\" alt=\"\" srcset=\"https:\/\/teatroabordo.com.br\/site\/wp-content\/uploads\/2025\/08\/logo-femsa-1-4-1.png 600w, https:\/\/teatroabordo.com.br\/site\/wp-content\/uploads\/2025\/08\/logo-femsa-1-4-1-300x300.png 300w, https:\/\/teatroabordo.com.br\/site\/wp-content\/uploads\/2025\/08\/logo-femsa-1-4-1-500x500.png 500w\" sizes=\"auto, (max-width: 150px) 100vw, 150px\" \/><\/p>\n\n\n\n<p><img loading=\"lazy\" decoding=\"async\" width=\"90\" height=\"127\" class=\"wp-image-2418\" style=\"width: 90px;\" src=\"http:\/\/teatroabordo.com.br\/site\/wp-content\/uploads\/2025\/07\/logo-mundial-cores_comelipse_2024-41-scaled.png\" alt=\"\" srcset=\"https:\/\/teatroabordo.com.br\/site\/wp-content\/uploads\/2025\/07\/logo-mundial-cores_comelipse_2024-41-scaled.png 1810w, https:\/\/teatroabordo.com.br\/site\/wp-content\/uploads\/2025\/07\/logo-mundial-cores_comelipse_2024-41-212x300.png 212w, https:\/\/teatroabordo.com.br\/site\/wp-content\/uploads\/2025\/07\/logo-mundial-cores_comelipse_2024-41-724x1024.png 724w, https:\/\/teatroabordo.com.br\/site\/wp-content\/uploads\/2025\/07\/logo-mundial-cores_comelipse_2024-41-768x1086.png 768w, https:\/\/teatroabordo.com.br\/site\/wp-content\/uploads\/2025\/07\/logo-mundial-cores_comelipse_2024-41-1086x1536.png 1086w, https:\/\/teatroabordo.com.br\/site\/wp-content\/uploads\/2025\/07\/logo-mundial-cores_comelipse_2024-41-1448x2048.png 1448w\" sizes=\"auto, (max-width: 90px) 100vw, 90px\" \/> <\/p>\n\n\n\n<p><img loading=\"lazy\" decoding=\"async\" width=\"180\" height=\"75\" class=\"wp-image-2421\" style=\"width: 180px;\" src=\"http:\/\/teatroabordo.com.br\/site\/wp-content\/uploads\/2025\/07\/anglo.jpeg\" alt=\"\" srcset=\"https:\/\/teatroabordo.com.br\/site\/wp-content\/uploads\/2025\/07\/anglo.jpeg 433w, https:\/\/teatroabordo.com.br\/site\/wp-content\/uploads\/2025\/07\/anglo-300x125.jpeg 300w\" sizes=\"auto, (max-width: 180px) 100vw, 180px\" \/> <\/p>\n\n\n\n<p><img loading=\"lazy\" decoding=\"async\" width=\"110\" height=\"55\" class=\"wp-image-2420\" style=\"width: 110px;\" src=\"http:\/\/teatroabordo.com.br\/site\/wp-content\/uploads\/2025\/07\/logo-uau.png\" alt=\"\"><\/p>\n\n\n\n<figure class=\"wp-block-image size-large is-resized\"><img loading=\"lazy\" decoding=\"async\" width=\"1024\" height=\"280\" src=\"http:\/\/teatroabordo.com.br\/site\/wp-content\/uploads\/2025\/09\/minc-govbr_horizontal-1-1024x280.png\" alt=\"\" class=\"wp-image-2438\" style=\"width:265px;height:auto\" srcset=\"https:\/\/teatroabordo.com.br\/site\/wp-content\/uploads\/2025\/09\/minc-govbr_horizontal-1-1024x280.png 1024w, https:\/\/teatroabordo.com.br\/site\/wp-content\/uploads\/2025\/09\/minc-govbr_horizontal-1-300x82.png 300w, https:\/\/teatroabordo.com.br\/site\/wp-content\/uploads\/2025\/09\/minc-govbr_horizontal-1-768x210.png 768w, https:\/\/teatroabordo.com.br\/site\/wp-content\/uploads\/2025\/09\/minc-govbr_horizontal-1-1536x420.png 1536w, https:\/\/teatroabordo.com.br\/site\/wp-content\/uploads\/2025\/09\/minc-govbr_horizontal-1-2048x560.png 2048w\" sizes=\"auto, (max-width: 1024px) 100vw, 1024px\" \/><\/figure>\n\n\n\n<p><\/p>\n\n\n\n<p><\/p>\n\n\n\n<p><\/p>\n\n\n\n<div class=\"wp-block-columns is-layout-flex wp-container-core-columns-is-layout-9d6595d7 wp-block-columns-is-layout-flex\">\n<div class=\"wp-block-column is-layout-flow wp-block-column-is-layout-flow\" style=\"flex-basis:100%\"><\/div>\n<\/div>\n","protected":false},"excerpt":{"rendered":"<p>O Teatro a Bordo \u00e9 o primeiro teatro m\u00f3vel solar do Brasil, contando com apresenta\u00e7\u00f5es gratuitas de teatro, oficinas educativas, cortejos e interven\u00e7\u00f5es art\u00edsticas em seu cont\u00eainer-palco que viaja por todo o pa\u00eds. As apresenta\u00e7\u00f5es s\u00e3o realizadas em pra\u00e7as e espa\u00e7os p\u00fablicos, com acesso gratuito e irrestrito da popula\u00e7\u00e3o, abrindo suas cortinas tamb\u00e9m para o artista da cidade, proporcionando o interc\u00e2mbio cultural e a valoriza\u00e7\u00e3o da cultura local. O projeto foi idealizado em 2007 por Talita Berthi e j\u00e1 foi visto por quase um milh\u00e3o de espectadores em centenas de cidades brasileiras. Em 2015, os criadores do projeto, Talita Berthi [&hellip;]<\/p>\n","protected":false},"author":1,"featured_media":0,"parent":0,"menu_order":0,"comment_status":"open","ping_status":"closed","template":"","meta":{"footnotes":""},"class_list":["post-33","page","type-page","status-publish","hentry"],"publishpress_future_action":{"enabled":false,"date":"0","action":"","terms":[],"taxonomy":""},"_links":{"self":[{"href":"https:\/\/teatroabordo.com.br\/site\/wp-json\/wp\/v2\/pages\/33","targetHints":{"allow":["GET"]}}],"collection":[{"href":"https:\/\/teatroabordo.com.br\/site\/wp-json\/wp\/v2\/pages"}],"about":[{"href":"https:\/\/teatroabordo.com.br\/site\/wp-json\/wp\/v2\/types\/page"}],"author":[{"embeddable":true,"href":"https:\/\/teatroabordo.com.br\/site\/wp-json\/wp\/v2\/users\/1"}],"replies":[{"embeddable":true,"href":"https:\/\/teatroabordo.com.br\/site\/wp-json\/wp\/v2\/comments?post=33"}],"version-history":[{"count":15,"href":"https:\/\/teatroabordo.com.br\/site\/wp-json\/wp\/v2\/pages\/33\/revisions"}],"predecessor-version":[{"id":2440,"href":"https:\/\/teatroabordo.com.br\/site\/wp-json\/wp\/v2\/pages\/33\/revisions\/2440"}],"wp:attachment":[{"href":"https:\/\/teatroabordo.com.br\/site\/wp-json\/wp\/v2\/media?parent=33"}],"curies":[{"name":"wp","href":"https:\/\/api.w.org\/{rel}","templated":true}]}}