{"id":36,"date":"2023-07-03T17:59:41","date_gmt":"2023-07-03T20:59:41","guid":{"rendered":"http:\/\/teatroabordo.com.br\/site\/?page_id=36"},"modified":"2025-07-16T14:31:03","modified_gmt":"2025-07-16T17:31:03","slug":"itinerancia-virtual","status":"publish","type":"page","link":"https:\/\/teatroabordo.com.br\/site\/itinerancia-virtual\/","title":{"rendered":"+ Projetos"},"content":{"rendered":"\n<p><strong>CAIXOLA <\/strong>\u00e9 o apelido do nosso cont\u00eainer-palco que viaja por todo o pa\u00eds realizando apresenta\u00e7\u00f5es gratuitas de teatro, oficinas educativas, cortejos e interven\u00e7\u00f5es art\u00edsticas, sempre realizadas em pra\u00e7as e espa\u00e7os p\u00fablicos, com acesso gratuito e irrestrito da popula\u00e7\u00e3o, abrindo suas cortinas tamb\u00e9m para o artista da cidade, proporcionando o interc\u00e2mbio cultural e a valoriza\u00e7\u00e3o da cultura local!<\/p>\n\n\n\n<p>Conhe\u00e7a as vers\u00f5es do nosso projeto:<\/p>\n\n\n\n<p class=\"has-black-color has-luminous-vivid-amber-background-color has-text-color has-background has-medium-font-size\"><strong>CAIXOLA BRINCANTE CIRCUITO PAULISTA <\/strong><\/p>\n\n\n\n<figure class=\"wp-block-image size-large is-resized\"><img loading=\"lazy\" decoding=\"async\" width=\"1024\" height=\"1021\" src=\"http:\/\/teatroabordo.com.br\/site\/wp-content\/uploads\/2023\/07\/Violao-e-Criancas-com-Caixola-1024x1021.png\" alt=\"\" class=\"wp-image-594\" style=\"width:465px;height:462px\" srcset=\"https:\/\/teatroabordo.com.br\/site\/wp-content\/uploads\/2023\/07\/Violao-e-Criancas-com-Caixola-1024x1021.png 1024w, https:\/\/teatroabordo.com.br\/site\/wp-content\/uploads\/2023\/07\/Violao-e-Criancas-com-Caixola-300x300.png 300w, https:\/\/teatroabordo.com.br\/site\/wp-content\/uploads\/2023\/07\/Violao-e-Criancas-com-Caixola-768x766.png 768w, https:\/\/teatroabordo.com.br\/site\/wp-content\/uploads\/2023\/07\/Violao-e-Criancas-com-Caixola-1536x1532.png 1536w, https:\/\/teatroabordo.com.br\/site\/wp-content\/uploads\/2023\/07\/Violao-e-Criancas-com-Caixola-2048x2043.png 2048w, https:\/\/teatroabordo.com.br\/site\/wp-content\/uploads\/2023\/07\/Violao-e-Criancas-com-Caixola-500x500.png 500w\" sizes=\"auto, (max-width: 1024px) 100vw, 1024px\" \/><\/figure>\n\n\n\n<p><strong>Inscri\u00e7\u00e3o 47262<\/strong><\/p>\n\n\n\n<p>Status: projeto aprovado no ProAC ICMS (capta\u00e7\u00e3o parcial)<\/p>\n\n\n\n<p><strong>Seja um patrocinador deste projeto! Entre em contato conosco \ud83d\ude42<\/strong><\/p>\n\n\n\n<p>Resumo: Promover o ato de brincar e interagir com o outro como parte integrante da nossa cultura. Este \u00e9 o mote do projeto do Grupo Teatro a Bordo, onde o p\u00fablico \u00e9 convidado a celebrar a cultura do brincar, participando ativamente dos cortejos pela cidade e atividades interativas, com muito movimento e dan\u00e7a, brincando de boi e de ciranda, adivinhando charadas e embarcando no espet\u00e1culo de teatro <em>Caixola Brincante <\/em>onde o jogo teatral \u00e9 propulsor da socializa\u00e7\u00e3o, promovendo a participa\u00e7\u00e3o de todos os presentes.<\/p>\n\n\n\n<p>Tem\u00e1tica: #CulturadoBrincar, #BrincadeirasPopulares, #Crian\u00e7a<\/p>\n\n\n\n<p><\/p>\n\n\n\n<p class=\"has-black-color has-luminous-vivid-amber-background-color has-text-color has-background has-medium-font-size\"><strong>CAIXOLA RECICLA<\/strong><\/p>\n\n\n\n<figure class=\"wp-block-image size-large is-resized\"><img loading=\"lazy\" decoding=\"async\" width=\"1024\" height=\"1024\" src=\"http:\/\/teatroabordo.com.br\/site\/wp-content\/uploads\/2023\/07\/caminhao-2-caixola-brincante-1m-copiar-1024x1024.png\" alt=\"\" class=\"wp-image-592\" style=\"width:329px;height:329px\" srcset=\"https:\/\/teatroabordo.com.br\/site\/wp-content\/uploads\/2023\/07\/caminhao-2-caixola-brincante-1m-copiar-1024x1024.png 1024w, https:\/\/teatroabordo.com.br\/site\/wp-content\/uploads\/2023\/07\/caminhao-2-caixola-brincante-1m-copiar-300x300.png 300w, https:\/\/teatroabordo.com.br\/site\/wp-content\/uploads\/2023\/07\/caminhao-2-caixola-brincante-1m-copiar-768x768.png 768w, https:\/\/teatroabordo.com.br\/site\/wp-content\/uploads\/2023\/07\/caminhao-2-caixola-brincante-1m-copiar-1536x1536.png 1536w, https:\/\/teatroabordo.com.br\/site\/wp-content\/uploads\/2023\/07\/caminhao-2-caixola-brincante-1m-copiar-500x500.png 500w, https:\/\/teatroabordo.com.br\/site\/wp-content\/uploads\/2023\/07\/caminhao-2-caixola-brincante-1m-copiar.png 1575w\" sizes=\"auto, (max-width: 1024px) 100vw, 1024px\" \/><\/figure>\n\n\n\n<p><strong>Pronac 232694<\/strong> <strong>\/ 249674<\/strong><\/p>\n\n\n\n<p>Status: Projetos captados. Patrocinadores: NTS, Vale e Coca-Cola.<\/p>\n\n\n\n<p><strong>Seja um patrocinador deste projeto! Entre em contato conosco \ud83d\ude42<\/strong><\/p>\n\n\n\n<p>Resumo: Caixola Recicla \u00e9 um projeto de itiner\u00e2ncia de um cont\u00eainer reutilizado, transformado em palco e abastecido com eletricidade solar, contendo programa\u00e7\u00e3o gratuita de teatro, oficinas educativas, apresenta\u00e7\u00f5es de artistas locais e cortejos pelas cidades, promovendo a reflex\u00e3o sobre o consumo excessivo e a necessidade de reduzir, reutilizar e reciclar materiais, e como essas a\u00e7\u00f5es individuais podem gerar impactos positivos na comunidade e no meio ambiente.<\/p>\n\n\n\n<p>Tem\u00e1tica: #ArteeSustentabilidade, #Reciclagem<\/p>\n\n\n\n<p class=\"has-black-color has-luminous-vivid-amber-background-color has-text-color has-background has-medium-font-size\"><strong>CAIXOLA DE HIST\u00d3RIAS PARA LER E OUVIR<\/strong><\/p>\n\n\n\n<figure class=\"wp-block-image size-full is-resized\"><img loading=\"lazy\" decoding=\"async\" width=\"752\" height=\"619\" src=\"http:\/\/teatroabordo.com.br\/site\/wp-content\/uploads\/2023\/07\/logo.jpg\" alt=\"\" class=\"wp-image-593\" style=\"width:405px;height:333px\" srcset=\"https:\/\/teatroabordo.com.br\/site\/wp-content\/uploads\/2023\/07\/logo.jpg 752w, https:\/\/teatroabordo.com.br\/site\/wp-content\/uploads\/2023\/07\/logo-300x247.jpg 300w\" sizes=\"auto, (max-width: 752px) 100vw, 752px\" \/><\/figure>\n\n\n\n<p><strong>Pronac 204244<\/strong><\/p>\n\n\n\n<p>Status: Projeto aprovado na Lei Rouanet  &#8211; Realizado parcialmente<strong>. <\/strong><\/p>\n\n\n\n<p>Resumo: Este projeto de literatura falada consiste em pesquisa, cria\u00e7\u00e3o e distribui\u00e7\u00e3o de hist\u00f3rias para ler e ouvir em 3 volumes: Lendas Brasileiras; Nomes de Origem; e Povos e Tradi\u00e7\u00f5es. As hist\u00f3rias s\u00e3o roteirizadas ap\u00f3s realiza\u00e7\u00e3o de encontros de conta\u00e7\u00e3o de hist\u00f3rias em cidades brasileiras onde s\u00e3o retratados os registros hist\u00f3ricos, geogr\u00e1ficos e lend\u00e1rios do munic\u00edpio atendido. Ap\u00f3s a roteiriza\u00e7\u00e3o, os contadores de hist\u00f3rias fazem a grava\u00e7\u00e3o em \u00e1udio de todas as narrativas. Ao final, os munic\u00edpios recebem 100 kits para distribuir nas escolas e espa\u00e7os culturais.<\/p>\n\n\n\n<p>Conhe\u00e7a os livros lan\u00e7ados em 2022: <a rel=\"noreferrer noopener\" href=\"https:\/\/caixoladehistorias.com.br\/downloads\/\" target=\"_blank\">https:\/\/caixoladehistorias.com.br\/downloads\/<\/a><\/p>\n\n\n\n<p>Tem\u00e1tica: #Incentivo\u00e0Leitura, #Edi\u00e7\u00e3odeLivros, #Valoriza\u00e7\u00e3odaCulturaLocal<\/p>\n\n\n\n<p class=\"has-black-color has-luminous-vivid-amber-background-color has-text-color has-background has-medium-font-size\"><strong>CAIXOLA BRINCANTE <\/strong><\/p>\n\n\n\n<figure class=\"wp-block-image size-large is-resized\"><img loading=\"lazy\" decoding=\"async\" width=\"1024\" height=\"1021\" src=\"http:\/\/teatroabordo.com.br\/site\/wp-content\/uploads\/2023\/07\/Violao-e-Criancas-com-Caixola-1024x1021.png\" alt=\"\" class=\"wp-image-594\" style=\"width:465px;height:462px\" srcset=\"https:\/\/teatroabordo.com.br\/site\/wp-content\/uploads\/2023\/07\/Violao-e-Criancas-com-Caixola-1024x1021.png 1024w, https:\/\/teatroabordo.com.br\/site\/wp-content\/uploads\/2023\/07\/Violao-e-Criancas-com-Caixola-300x300.png 300w, https:\/\/teatroabordo.com.br\/site\/wp-content\/uploads\/2023\/07\/Violao-e-Criancas-com-Caixola-768x766.png 768w, https:\/\/teatroabordo.com.br\/site\/wp-content\/uploads\/2023\/07\/Violao-e-Criancas-com-Caixola-1536x1532.png 1536w, https:\/\/teatroabordo.com.br\/site\/wp-content\/uploads\/2023\/07\/Violao-e-Criancas-com-Caixola-2048x2043.png 2048w, https:\/\/teatroabordo.com.br\/site\/wp-content\/uploads\/2023\/07\/Violao-e-Criancas-com-Caixola-500x500.png 500w\" sizes=\"auto, (max-width: 1024px) 100vw, 1024px\" \/><\/figure>\n\n\n\n<p>Pronac 211012 <\/p>\n\n\n\n<p>Status: Realizado. Projeto 100% captado. Patrocinador: Instituto CCR.<\/p>\n\n\n\n<p>Resumo: Promover o ato de brincar e interagir com o outro como parte integrante da nossa cultura. Este \u00e9 o mote do projeto do Grupo Teatro a Bordo, onde o p\u00fablico \u00e9 convidado a celebrar a cultura do brincar, participando ativamente dos cortejos pela cidade e atividades interativas, com muito movimento e dan\u00e7a, brincando de boi e de ciranda, adivinhando charadas e embarcando no espet\u00e1culo de teatro <em>Caixola Brincante <\/em>onde o jogo teatral \u00e9 propulsor da socializa\u00e7\u00e3o, promovendo a participa\u00e7\u00e3o de todos os presentes.<\/p>\n\n\n\n<p>Tem\u00e1tica: #CulturadoBrincar, #BrincadeirasPopulares, #Crian\u00e7a<\/p>\n\n\n\n<p class=\"has-black-color has-luminous-vivid-amber-background-color has-text-color has-background has-medium-font-size\"><strong>TEATRO M\u00d3VEL SOLAR<\/strong><\/p>\n\n\n\n<figure class=\"wp-block-image size-large is-resized\"><img loading=\"lazy\" decoding=\"async\" width=\"1024\" height=\"828\" src=\"http:\/\/teatroabordo.com.br\/site\/wp-content\/uploads\/2023\/07\/Caminhao-Caixola-Brincante-1m-copiar-1024x828.png\" alt=\"\" class=\"wp-image-595\" style=\"width:372px;height:301px\" srcset=\"https:\/\/teatroabordo.com.br\/site\/wp-content\/uploads\/2023\/07\/Caminhao-Caixola-Brincante-1m-copiar-1024x828.png 1024w, https:\/\/teatroabordo.com.br\/site\/wp-content\/uploads\/2023\/07\/Caminhao-Caixola-Brincante-1m-copiar-300x243.png 300w, https:\/\/teatroabordo.com.br\/site\/wp-content\/uploads\/2023\/07\/Caminhao-Caixola-Brincante-1m-copiar-768x621.png 768w, https:\/\/teatroabordo.com.br\/site\/wp-content\/uploads\/2023\/07\/Caminhao-Caixola-Brincante-1m-copiar-1536x1242.png 1536w, https:\/\/teatroabordo.com.br\/site\/wp-content\/uploads\/2023\/07\/Caminhao-Caixola-Brincante-1m-copiar.png 1575w\" sizes=\"auto, (max-width: 1024px) 100vw, 1024px\" \/><\/figure>\n\n\n\n<p>Pronac 192767<\/p>\n\n\n\n<p>Status: Realizado. Projeto 100% captado. Patrocinadores: Instituto Usiminas e Funda\u00e7\u00e3o ArcelorMittal.<\/p>\n\n\n\n<p>Resumo: Teatro M\u00f3vel Solar \u00e9 um projeto de circula\u00e7\u00e3o de um cont\u00eainer-palco solarizado, contando com apresenta\u00e7\u00f5es gratuitas de teatro, cortejos e interven\u00e7\u00f5es art\u00edsticas. Com estrutura de caminh\u00e3o-palco, sonoriza\u00e7\u00e3o e ilumina\u00e7\u00e3o, este teatro m\u00f3vel conta tamb\u00e9m com um sistema fotovoltaico de gera\u00e7\u00e3o de eletricidade solar para iluminar seus espet\u00e1culos, utilizando energia limpa e renov\u00e1vel, aliando arte e sustentabilidade. As apresenta\u00e7\u00f5es s\u00e3o realizadas em pra\u00e7as e espa\u00e7os p\u00fablicos, com acesso gratuito e irrestrito da popula\u00e7\u00e3o.<\/p>\n\n\n\n<p>Tem\u00e1tica: #ArteeSustentabilidade, #EnergiaSolar<\/p>\n\n\n\n<p class=\"has-black-color has-luminous-vivid-amber-background-color has-text-color has-background has-medium-font-size\"><strong>TEATRO A BORDO \u2013 CAIXOLA DE HIST\u00d3RIAS<\/strong><\/p>\n\n\n\n<figure class=\"wp-block-image size-large is-resized\"><img loading=\"lazy\" decoding=\"async\" width=\"1024\" height=\"641\" src=\"http:\/\/teatroabordo.com.br\/site\/wp-content\/uploads\/2023\/07\/ilustracao-leo-1024x641.jpg\" alt=\"\" class=\"wp-image-596\" style=\"width:457px;height:285px\" srcset=\"https:\/\/teatroabordo.com.br\/site\/wp-content\/uploads\/2023\/07\/ilustracao-leo-1024x641.jpg 1024w, https:\/\/teatroabordo.com.br\/site\/wp-content\/uploads\/2023\/07\/ilustracao-leo-300x188.jpg 300w, https:\/\/teatroabordo.com.br\/site\/wp-content\/uploads\/2023\/07\/ilustracao-leo-768x481.jpg 768w, https:\/\/teatroabordo.com.br\/site\/wp-content\/uploads\/2023\/07\/ilustracao-leo.jpg 1053w\" sizes=\"auto, (max-width: 1024px) 100vw, 1024px\" \/><\/figure>\n\n\n\n<p>Pronac 180143<\/p>\n\n\n\n<p>Status: Em Presta\u00e7\u00e3o de contas. Projeto 100% captado. Patrocinador: Instituto CCR.<\/p>\n\n\n\n<p>Resumo: &nbsp;Projeto de itiner\u00e2ncia do cont\u00eainer-palco contando com oficinas, cortejos, apresenta\u00e7\u00f5es teatrais e de artistas locais, al\u00e9m de espet\u00e1culo com cenas in\u00e9ditas a cada apresenta\u00e7\u00e3o, elaboradas em oficinas ministradas nas pr\u00f3prias cidades visitadas.&nbsp;<strong>Em fun\u00e7\u00e3o dos impactos sofridos em raz\u00e3o do Covid-19 e diante da impossibilidade da circula\u00e7\u00e3o de pessoas, as cidades executadas a partir de abril\/2020 tiveram as Oficinas e as Cenas In\u00e9ditas realizadas em ambiente virtual, em linguagem de radioteatro. As apresenta\u00e7\u00f5es em pra\u00e7a p\u00fablica foram realizadas nestas cidades entre os anos de 2022 e 2023.<\/strong><\/p>\n\n\n\n<p>Tem\u00e1tica: #Tradi\u00e7\u00e3oOral, #RecolhimentodeHist\u00f3riasLocais, #CenasIn\u00e9ditasPorCidade<\/p>\n\n\n\n<p class=\"has-black-color has-pale-cyan-blue-background-color has-text-color has-background\">Ou\u00e7a as Cenas In\u00e9ditas de cada cidade! Conhe\u00e7a a s\u00e9rie &#8220;Caixola nos Ares&#8221; no Spotify.<\/p>\n\n\n\n<div class=\"wp-block-columns are-vertically-aligned-top is-layout-flex wp-container-core-columns-is-layout-9d6595d7 wp-block-columns-is-layout-flex\">\n<div class=\"wp-block-column is-vertically-aligned-top is-layout-flow wp-block-column-is-layout-flow\" style=\"flex-basis:100%\">\n<figure class=\"wp-block-embed is-type-rich is-provider-spotify wp-block-embed-spotify wp-embed-aspect-21-9 wp-has-aspect-ratio\"><div class=\"wp-block-embed__wrapper\">\n<iframe title=\"Spotify Embed: #1 - Voa, Caixola!\" style=\"border-radius: 12px\" width=\"100%\" height=\"152\" frameborder=\"0\" allowfullscreen allow=\"autoplay; clipboard-write; encrypted-media; fullscreen; picture-in-picture\" loading=\"lazy\" src=\"https:\/\/open.spotify.com\/embed\/episode\/7immGAdYLbzWOy7oZI4M7w?si=o3NXi60URYyh9AFxB6UibQ&#038;utm_source=oembed\"><\/iframe>\n<\/div><\/figure>\n<\/div>\n<\/div>\n\n\n\n<p class=\"has-black-color has-pale-cyan-blue-background-color has-text-color has-background\">Assista as Cenas In\u00e9ditas de cada cidade! Conhe\u00e7a a s\u00e9rie &#8220;Caixola nos Ares&#8221; no Youtube.<\/p>\n\n\n\n<figure class=\"wp-block-embed is-type-video is-provider-youtube wp-block-embed-youtube wp-embed-aspect-16-9 wp-has-aspect-ratio\"><div class=\"wp-block-embed__wrapper\">\n<iframe loading=\"lazy\" title=\"#1 Voa, Caixola | Epis\u00f3dio de Abertura\" width=\"500\" height=\"281\" src=\"https:\/\/www.youtube.com\/embed\/jgN0kYhHYKI?list=PLonP7SRUvowsxFa5Tb2bkAty7kNg4KrM_\" frameborder=\"0\" allow=\"accelerometer; autoplay; clipboard-write; encrypted-media; gyroscope; picture-in-picture; web-share\" referrerpolicy=\"strict-origin-when-cross-origin\" allowfullscreen><\/iframe>\n<\/div><\/figure>\n\n\n\n<p><\/p>\n\n\n\n<p><\/p>\n\n\n\n<p><\/p>\n","protected":false},"excerpt":{"rendered":"<p>CAIXOLA \u00e9 o apelido do nosso cont\u00eainer-palco que viaja por todo o pa\u00eds realizando apresenta\u00e7\u00f5es gratuitas de teatro, oficinas educativas, cortejos e interven\u00e7\u00f5es art\u00edsticas, sempre realizadas em pra\u00e7as e espa\u00e7os p\u00fablicos, com acesso gratuito e irrestrito da popula\u00e7\u00e3o, abrindo suas cortinas tamb\u00e9m para o artista da cidade, proporcionando o interc\u00e2mbio cultural e a valoriza\u00e7\u00e3o da cultura local! Conhe\u00e7a as vers\u00f5es do nosso projeto: CAIXOLA BRINCANTE CIRCUITO PAULISTA Inscri\u00e7\u00e3o 47262 Status: projeto aprovado no ProAC ICMS (capta\u00e7\u00e3o parcial) Seja um patrocinador deste projeto! Entre em contato conosco \ud83d\ude42 Resumo: Promover o ato de brincar e interagir com o outro como parte [&hellip;]<\/p>\n","protected":false},"author":1,"featured_media":0,"parent":0,"menu_order":0,"comment_status":"open","ping_status":"closed","template":"","meta":{"footnotes":""},"class_list":["post-36","page","type-page","status-publish","hentry"],"publishpress_future_action":{"enabled":false,"date":"0","action":"","terms":[],"taxonomy":""},"_links":{"self":[{"href":"https:\/\/teatroabordo.com.br\/site\/wp-json\/wp\/v2\/pages\/36","targetHints":{"allow":["GET"]}}],"collection":[{"href":"https:\/\/teatroabordo.com.br\/site\/wp-json\/wp\/v2\/pages"}],"about":[{"href":"https:\/\/teatroabordo.com.br\/site\/wp-json\/wp\/v2\/types\/page"}],"author":[{"embeddable":true,"href":"https:\/\/teatroabordo.com.br\/site\/wp-json\/wp\/v2\/users\/1"}],"replies":[{"embeddable":true,"href":"https:\/\/teatroabordo.com.br\/site\/wp-json\/wp\/v2\/comments?post=36"}],"version-history":[{"count":14,"href":"https:\/\/teatroabordo.com.br\/site\/wp-json\/wp\/v2\/pages\/36\/revisions"}],"predecessor-version":[{"id":2413,"href":"https:\/\/teatroabordo.com.br\/site\/wp-json\/wp\/v2\/pages\/36\/revisions\/2413"}],"wp:attachment":[{"href":"https:\/\/teatroabordo.com.br\/site\/wp-json\/wp\/v2\/media?parent=36"}],"curies":[{"name":"wp","href":"https:\/\/api.w.org\/{rel}","templated":true}]}}