{"id":39,"date":"2023-07-03T18:00:12","date_gmt":"2023-07-03T21:00:12","guid":{"rendered":"http:\/\/teatroabordo.com.br\/site\/?page_id=39"},"modified":"2023-08-18T01:16:18","modified_gmt":"2023-08-18T04:16:18","slug":"fotos","status":"publish","type":"page","link":"https:\/\/teatroabordo.com.br\/site\/fotos\/","title":{"rendered":"Galeria de Fotos"},"content":{"rendered":"\n<p>Acesse nossa galeria de fotos das apresenta\u00e7\u00f5es de 2023, com a circula\u00e7\u00e3o do projeto &#8220;Caixola Brincante&#8221;.<\/p>\n\n\n\n<p>Cr\u00e9ditos das fotos: Danielle Rosa e Fernanda Iannuzzi <\/p>\n","protected":false},"excerpt":{"rendered":"<p>Acesse nossa galeria de fotos das apresenta\u00e7\u00f5es de 2023, com a circula\u00e7\u00e3o do projeto &#8220;Caixola Brincante&#8221;. Cr\u00e9ditos das fotos: Danielle Rosa e Fernanda Iannuzzi<\/p>\n","protected":false},"author":1,"featured_media":662,"parent":0,"menu_order":0,"comment_status":"closed","ping_status":"closed","template":"","meta":{"footnotes":""},"class_list":["post-39","page","type-page","status-publish","has-post-thumbnail","hentry"],"publishpress_future_action":{"enabled":false,"date":"0","action":"","terms":[],"taxonomy":""},"_links":{"self":[{"href":"https:\/\/teatroabordo.com.br\/site\/wp-json\/wp\/v2\/pages\/39","targetHints":{"allow":["GET"]}}],"collection":[{"href":"https:\/\/teatroabordo.com.br\/site\/wp-json\/wp\/v2\/pages"}],"about":[{"href":"https:\/\/teatroabordo.com.br\/site\/wp-json\/wp\/v2\/types\/page"}],"author":[{"embeddable":true,"href":"https:\/\/teatroabordo.com.br\/site\/wp-json\/wp\/v2\/users\/1"}],"replies":[{"embeddable":true,"href":"https:\/\/teatroabordo.com.br\/site\/wp-json\/wp\/v2\/comments?post=39"}],"version-history":[{"count":4,"href":"https:\/\/teatroabordo.com.br\/site\/wp-json\/wp\/v2\/pages\/39\/revisions"}],"predecessor-version":[{"id":664,"href":"https:\/\/teatroabordo.com.br\/site\/wp-json\/wp\/v2\/pages\/39\/revisions\/664"}],"wp:featuredmedia":[{"embeddable":true,"href":"https:\/\/teatroabordo.com.br\/site\/wp-json\/wp\/v2\/media\/662"}],"wp:attachment":[{"href":"https:\/\/teatroabordo.com.br\/site\/wp-json\/wp\/v2\/media?parent=39"}],"curies":[{"name":"wp","href":"https:\/\/api.w.org\/{rel}","templated":true}]}}