{"id":42,"date":"2023-07-03T18:00:26","date_gmt":"2023-07-03T21:00:26","guid":{"rendered":"http:\/\/teatroabordo.com.br\/site\/?page_id=42"},"modified":"2023-08-18T01:21:41","modified_gmt":"2023-08-18T04:21:41","slug":"videos","status":"publish","type":"page","link":"https:\/\/teatroabordo.com.br\/site\/videos\/","title":{"rendered":"Galeria de V\u00eddeos"},"content":{"rendered":"\n<p>Assista aos v\u00eddeos que contam um pouco da trajet\u00f3ria do Grupo Teatro a Bordo. Para quem quiser acessar o nosso conte\u00fado de hist\u00f3rias recolhidas no projeto Caixola de Hist\u00f3rias para Ler e Ouvir, entre no nosso canal no YouTube <a href=\"https:\/\/www.youtube.com\/channel\/UCKd917KiXvCV3c5mlk4Dz2w\">clicando aqui <\/a>.<\/p>\n\n\n\n<p>Curta essa viagem com a gente! <\/p>\n\n\n\n<p><\/p>\n","protected":false},"excerpt":{"rendered":"<p>Assista aos v\u00eddeos que contam um pouco da trajet\u00f3ria do Grupo Teatro a Bordo. Para quem quiser acessar o nosso conte\u00fado de hist\u00f3rias recolhidas no projeto Caixola de Hist\u00f3rias para Ler e Ouvir, entre no nosso canal no YouTube clicando aqui . Curta essa viagem com a gente!<\/p>\n","protected":false},"author":1,"featured_media":0,"parent":0,"menu_order":0,"comment_status":"open","ping_status":"closed","template":"","meta":{"footnotes":""},"class_list":["post-42","page","type-page","status-publish","hentry"],"publishpress_future_action":{"enabled":false,"date":"0","action":"","terms":[],"taxonomy":""},"_links":{"self":[{"href":"https:\/\/teatroabordo.com.br\/site\/wp-json\/wp\/v2\/pages\/42","targetHints":{"allow":["GET"]}}],"collection":[{"href":"https:\/\/teatroabordo.com.br\/site\/wp-json\/wp\/v2\/pages"}],"about":[{"href":"https:\/\/teatroabordo.com.br\/site\/wp-json\/wp\/v2\/types\/page"}],"author":[{"embeddable":true,"href":"https:\/\/teatroabordo.com.br\/site\/wp-json\/wp\/v2\/users\/1"}],"replies":[{"embeddable":true,"href":"https:\/\/teatroabordo.com.br\/site\/wp-json\/wp\/v2\/comments?post=42"}],"version-history":[{"count":6,"href":"https:\/\/teatroabordo.com.br\/site\/wp-json\/wp\/v2\/pages\/42\/revisions"}],"predecessor-version":[{"id":666,"href":"https:\/\/teatroabordo.com.br\/site\/wp-json\/wp\/v2\/pages\/42\/revisions\/666"}],"wp:attachment":[{"href":"https:\/\/teatroabordo.com.br\/site\/wp-json\/wp\/v2\/media?parent=42"}],"curies":[{"name":"wp","href":"https:\/\/api.w.org\/{rel}","templated":true}]}}