{"id":51,"date":"2023-07-03T18:01:18","date_gmt":"2023-07-03T21:01:18","guid":{"rendered":"http:\/\/teatroabordo.com.br\/site\/?page_id=51"},"modified":"2025-04-23T22:58:32","modified_gmt":"2025-04-24T01:58:32","slug":"contato","status":"publish","type":"page","link":"https:\/\/teatroabordo.com.br\/site\/contato\/","title":{"rendered":"Contato"},"content":{"rendered":"\n<p>Fale conosco! Vamos conversar \ud83d\udc4b N\u00e3o hesite em falar conosco por meio das informa\u00e7\u00f5es de contato abaixo ou envie uma mensagem usando o formul\u00e1rio.<\/p>\n\n\n\n<p><\/p>\n\n\n\n<p>Vale do Ribeira\/SP<\/p>\n\n\n\n<p><strong>Galp\u00e3o do Teatro a Bordo<\/strong><br><strong>Rua Francisco Assis Paiva, s\/n &#8211; Rocio &#8211; Canan\u00e9ia\/SP CEP 11990-000<\/strong><\/p>\n\n\n\n<p>produ\u00e7\u00e3o: <a rel=\"noreferrer noopener\" href=\"mailto:douglas@teatroabordo.com.br\" target=\"_blank\">douglas@teatroabordo.com.br<\/a><\/p>\n\n\n\n<p><i class=\"fab fa-whatsapp\"><\/i> <a rel=\"noreferrer noopener\" href=\"http:\/\/teatroabordo.com.br\/site\/wp-admin\/post.php?post=115&amp;action=edit#\" target=\"_blank\">(13)9 9616-4054<\/a><\/p>\n\n\n<div class=\"wpforms-container wpforms-container-full wpforms-render-modern\" id=\"wpforms-103\"><form id=\"wpforms-form-103\" class=\"wpforms-validate wpforms-form wpforms-ajax-form\" data-formid=\"103\" method=\"post\" enctype=\"multipart\/form-data\" action=\"\/site\/wp-json\/wp\/v2\/pages\/51\" data-token=\"17ea2f62def61de44e02afc740ee8648\"><noscript class=\"wpforms-error-noscript\">Ative o JavaScript no seu navegador para preencher este formul\u00e1rio.<\/noscript><div class=\"wpforms-hidden\" id=\"wpforms-error-noscript\">Ative o JavaScript no seu navegador para preencher este formul\u00e1rio.<\/div><div class=\"wpforms-field-container\"><div id=\"wpforms-103-field_0-container\" class=\"wpforms-field wpforms-field-name\" data-field-id=\"0\"><fieldset><legend class=\"wpforms-field-label\">Nome <span class=\"wpforms-required-label\" aria-hidden=\"true\">*<\/span><\/legend><div class=\"wpforms-field-row wpforms-field-large\"><div class=\"wpforms-field-row-block wpforms-first wpforms-one-half\"><input type=\"text\" id=\"wpforms-103-field_0\" class=\"wpforms-field-name-first wpforms-field-required\" name=\"wpforms[fields][0][first]\" aria-errormessage=\"wpforms-103-field_0-error\" required><label for=\"wpforms-103-field_0\" class=\"wpforms-field-sublabel after \">Nome<\/label><\/div><div class=\"wpforms-field-row-block wpforms-one-half\"><input type=\"text\" id=\"wpforms-103-field_0-last\" class=\"wpforms-field-name-last wpforms-field-required\" name=\"wpforms[fields][0][last]\" aria-errormessage=\"wpforms-103-field_0-last-error\" required><label for=\"wpforms-103-field_0-last\" class=\"wpforms-field-sublabel after \">Sobrenome<\/label><\/div><\/div><\/fieldset><\/div><div id=\"wpforms-103-field_1-container\" class=\"wpforms-field wpforms-field-email\" data-field-id=\"1\"><label class=\"wpforms-field-label\" for=\"wpforms-103-field_1\">E-mail <span class=\"wpforms-required-label\" aria-hidden=\"true\">*<\/span><\/label><input type=\"email\" id=\"wpforms-103-field_1\" class=\"wpforms-field-large wpforms-field-required\" name=\"wpforms[fields][1]\" spellcheck=\"false\" aria-errormessage=\"wpforms-103-field_1-error\" required><\/div><div id=\"wpforms-103-field_2-container\" class=\"wpforms-field wpforms-field-textarea\" data-field-id=\"2\"><label class=\"wpforms-field-label\" for=\"wpforms-103-field_2\">Coment\u00e1rio ou Mensagem<\/label><textarea id=\"wpforms-103-field_2\" class=\"wpforms-field-medium\" name=\"wpforms[fields][2]\" aria-errormessage=\"wpforms-103-field_2-error\" ><\/textarea><\/div><\/div><!-- .wpforms-field-container --><div class=\"wpforms-submit-container\" ><input type=\"hidden\" name=\"wpforms[id]\" value=\"103\"><input type=\"hidden\" name=\"wpforms[author]\" value=\"1\"><button type=\"submit\" name=\"wpforms[submit]\" id=\"wpforms-submit-103\" class=\"wpforms-submit\" data-alt-text=\"Enviando\u2026\" data-submit-text=\"Enviar\" aria-live=\"assertive\" value=\"wpforms-submit\">Enviar<\/button><img loading=\"lazy\" decoding=\"async\" src=\"https:\/\/teatroabordo.com.br\/site\/wp-content\/plugins\/wpforms-lite\/assets\/images\/submit-spin.svg\" class=\"wpforms-submit-spinner\" style=\"display: none;\" width=\"26\" height=\"26\" alt=\"A Carregar\"><\/div><\/form><\/div>  <!-- .wpforms-container -->\n","protected":false},"excerpt":{"rendered":"<p>Fale conosco! Vamos conversar \ud83d\udc4b N\u00e3o hesite em falar conosco por meio das informa\u00e7\u00f5es de contato abaixo ou envie uma mensagem usando o formul\u00e1rio. Vale do Ribeira\/SP Galp\u00e3o do Teatro a BordoRua Francisco Assis Paiva, s\/n &#8211; Rocio &#8211; Canan\u00e9ia\/SP CEP 11990-000 produ\u00e7\u00e3o: douglas@teatroabordo.com.br (13)9 9616-4054<\/p>\n","protected":false},"author":1,"featured_media":0,"parent":0,"menu_order":0,"comment_status":"closed","ping_status":"closed","template":"","meta":{"footnotes":""},"class_list":["post-51","page","type-page","status-publish","hentry"],"publishpress_future_action":{"enabled":false,"date":"0","action":"","terms":[],"taxonomy":""},"_links":{"self":[{"href":"https:\/\/teatroabordo.com.br\/site\/wp-json\/wp\/v2\/pages\/51","targetHints":{"allow":["GET"]}}],"collection":[{"href":"https:\/\/teatroabordo.com.br\/site\/wp-json\/wp\/v2\/pages"}],"about":[{"href":"https:\/\/teatroabordo.com.br\/site\/wp-json\/wp\/v2\/types\/page"}],"author":[{"embeddable":true,"href":"https:\/\/teatroabordo.com.br\/site\/wp-json\/wp\/v2\/users\/1"}],"replies":[{"embeddable":true,"href":"https:\/\/teatroabordo.com.br\/site\/wp-json\/wp\/v2\/comments?post=51"}],"version-history":[{"count":9,"href":"https:\/\/teatroabordo.com.br\/site\/wp-json\/wp\/v2\/pages\/51\/revisions"}],"predecessor-version":[{"id":2394,"href":"https:\/\/teatroabordo.com.br\/site\/wp-json\/wp\/v2\/pages\/51\/revisions\/2394"}],"wp:attachment":[{"href":"https:\/\/teatroabordo.com.br\/site\/wp-json\/wp\/v2\/media?parent=51"}],"curies":[{"name":"wp","href":"https:\/\/api.w.org\/{rel}","templated":true}]}}