{"id":682,"date":"2023-08-18T02:02:25","date_gmt":"2023-08-18T05:02:25","guid":{"rendered":"http:\/\/teatroabordo.com.br\/site\/?page_id=682"},"modified":"2025-11-04T15:44:55","modified_gmt":"2025-11-04T18:44:55","slug":"agenda","status":"publish","type":"page","link":"https:\/\/teatroabordo.com.br\/site\/agenda\/","title":{"rendered":"Agenda ;)"},"content":{"rendered":"\n<p class=\"has-large-font-size\"><a href=\"http:\/\/www.instagram.com.br\/teatroabordo\">Acesse nossas redes sociais<\/a><\/p>\n\n\n\n<p><\/p>\n\n\n\n<p class=\"has-medium-font-size\"><strong>ABRIL, AGOSTO e SETEMBRO\/2025 <\/strong>(PROJETO TEATRO A BORDO)<\/p>\n\n\n\n<ul class=\"wp-block-list\">\n<li class=\"has-medium-font-size\">23 e 24\/04 &#8211; Sabar\u00e1\/MG &#8211; patroc\u00ednio de AngloGold Ashanti<\/li>\n\n\n\n<li class=\"has-medium-font-size\">25 e 26\/04 &#8211; Santa Luzia\/MG &#8211; patroc\u00ednio de UAU Ingleza<\/li>\n\n\n\n<li class=\"has-medium-font-size\">29 e 30\/04 &#8211; Raposos\/MG &#8211; patroc\u00ednio de AngloGold Ashanti<\/li>\n\n\n\n<li>08 e 09\/08 &#8211; Guarulhos\/SP &#8211; patroc\u00ednio de Mundial Logistics<\/li>\n\n\n\n<li>26 e 27\/09 &#8211; Santa B\u00e1rbara\/MG &#8211; patroc\u00ednio de AngloGold Ashanti<\/li>\n<\/ul>\n\n\n\n<p><strong>MAIO, JUNHO, JULHO, AGOSTO E NOVEMBRO\/2025 <\/strong>(PROJETO CAIXOLA RECICLA &#8211; CONTINUIDADE)<\/p>\n\n\n\n<ul class=\"wp-block-list\">\n<li>16 e 17\/05 &#8211; Pindamonhangaba\/SP &#8211; patroc\u00ednio de NTS<\/li>\n\n\n\n<li>21 e 22\/05 &#8211; Mau\u00e1\/SP &#8211; patroc\u00ednio de NTS<\/li>\n\n\n\n<li>23 e 24\/05 &#8211; Rio Grande da Serra\/SP &#8211; patroc\u00ednio de NTS<\/li>\n\n\n\n<li>28 e 29\/05 &#8211; Biritiba Mirim\/SP &#8211; patroc\u00ednio de NTS<\/li>\n\n\n\n<li>04 e 05\/06 &#8211; Santa Branca\/SP &#8211; patroc\u00ednio de NTS<\/li>\n\n\n\n<li>06 e 07\/06 &#8211; Jacare\u00ed\/SP &#8211; patroc\u00ednio de NTS<\/li>\n\n\n\n<li>11 e 12\/06 &#8211; Ferraz de Vasconcelos\/SP &#8211; patroc\u00ednio de NTS<\/li>\n\n\n\n<li>13 e 14\/06 &#8211; Suzano\/SP &#8211; patroc\u00ednio de NTS<\/li>\n\n\n\n<li>16 e 17\/06 &#8211; S\u00e3o Bernardo do Campo\/SP &#8211; patroc\u00ednio de NTS<\/li>\n\n\n\n<li>18 e 19\/06 &#8211; Lorena\/SP &#8211; patroc\u00ednio de NTS<\/li>\n\n\n\n<li>27 e 28\/06 &#8211; Guaratinguet\u00e1\/SP &#8211; patroc\u00ednio de NTS<\/li>\n\n\n\n<li>02 e 03\/07 &#8211; Roseira\/SP &#8211; patroc\u00ednio de NTS<\/li>\n\n\n\n<li>04 e 05\/07 &#8211; Guararema\/SP &#8211; patroc\u00ednio de NTS<\/li>\n\n\n\n<li>08 e 09\/07 &#8211; Cubat\u00e3o\/SP &#8211; patroc\u00ednio de NTS <\/li>\n\n\n\n<li>11 e 12\/07 &#8211; Santo Ant\u00f4nio de Posse\/SP &#8211; patroc\u00ednio de NTS<\/li>\n\n\n\n<li>18 e 19\/07 &#8211; Jaguari\u00fana\/SP &#8211; patroc\u00ednio de NTS <\/li>\n\n\n\n<li>25 e 26\/07 &#8211; Holambra\/SP &#8211; patroc\u00ednio de NTS<\/li>\n\n\n\n<li>01 e 02\/08 &#8211; Mogi das Cruzes\/SP &#8211; patroc\u00ednio de NTS <\/li>\n\n\n\n<li>05 e 06\/08 &#8211; Ca\u00e7apava\/SP &#8211; patroc\u00ednio de NTS<\/li>\n\n\n\n<li>26 e 27\/11- Ribeir\u00e3o Pires\/SP &#8211; patroc\u00ednio de NTS<\/li>\n<\/ul>\n\n\n\n<p><strong>SETEMBRO e OUTUBRO\/2025 <\/strong>(PROJETO CAIXOLA RECICLA)<\/p>\n\n\n\n<ul class=\"wp-block-list\">\n<li>02 e 03\/09 &#8211; Santa In\u00eas\/MA &#8211; patroc\u00ednio: Vale<\/li>\n\n\n\n<li>04 e 05\/09 &#8211; Alto Alegre do Pindar\u00e9\/MA &#8211; patroc\u00ednio: Vale<\/li>\n\n\n\n<li>08 e 09\/09 &#8211; S\u00e3o Pedro da \u00c1gua Branca\/MA &#8211; patroc\u00ednio: Vale<\/li>\n\n\n\n<li>11 e 12\/09 &#8211; Cana\u00e3 dos Caraj\u00e1s\/PA &#8211; patroc\u00ednio: Vale<\/li>\n\n\n\n<li>16 e 17\/09 &#8211; Ouril\u00e2ndia do Norte\/PA &#8211; patroc\u00ednio: Vale<\/li>\n\n\n\n<li>19 e 20\/09 &#8211; S\u00e3o F\u00e9lix do Xingu\/PA &#8211; patroc\u00ednio: Vale<\/li>\n\n\n\n<li>30\/09 e 01\/10 &#8211; Mariana\/MG &#8211; patroc\u00ednio: Vale<\/li>\n\n\n\n<li>03 e 04\/10 &#8211; Nova Lima\/MG &#8211; patroc\u00ednio: Vale<\/li>\n\n\n\n<li>06 e 07\/10 &#8211; Catas Altas\/MG &#8211; patroc\u00ednio: Vale<\/li>\n\n\n\n<li>10 e 11\/10 &#8211; Cariacica\/ES &#8211; patroc\u00ednio: Vale<\/li>\n\n\n\n<li>13 e 14\/10 &#8211; Serra\/ES &#8211; patroc\u00ednio: Vale<\/li>\n\n\n\n<li>16 e 17\/10 &#8211; Ibira\u00e7u\/ES &#8211; patroc\u00ednio: Vale<\/li>\n<\/ul>\n\n\n\n<p><strong>NOVEMBRO\/2025 <\/strong>(PROJETO CAIXOLA DE HIST\u00d3RIAS NO CIRCUITO RURAL)*<\/p>\n\n\n\n<ul class=\"wp-block-list\">\n<li>05 e 06\/11 &#8211; Pariquera-A\u00e7u\/SP <\/li>\n\n\n\n<li>07 e 08\/11 &#8211; Miracatu\/SP<\/li>\n\n\n\n<li>12 e 13\/11 &#8211; Canan\u00e9ia\/SP<\/li>\n<\/ul>\n\n\n\n<p>*Projeto contemplado no Edital Fomento CultSP PNAB n\u00ba 27\/2024. Realiza\u00e7\u00e3o: CultSP; Secretaria da Cultura, Economia e Ind\u00fastria Criativas; Governo do Estado de S\u00e3o Paulo; Pol\u00edtica Nacional Aldir Blanc de Fomento \u00e0 Cultura; Minist\u00e9rio da Cultura e Governo Federal.<\/p>\n\n\n\n<p><\/p>\n\n\n\n<p><strong>NOVEMBRO E DEZEMBRO\/2025 <\/strong>(PROJETO CAIXOLA RECICLA)<\/p>\n\n\n\n<ul class=\"wp-block-list\">\n<li>14 e 15\/11 &#8211; Canan\u00e9ia\/SP &#8211; Patroc\u00ednio Coca-Cola FEMSA Brasil<\/li>\n\n\n\n<li>19 e 20\/11 &#8211; S\u00e3o Vicente\/SP &#8211; Patroc\u00ednio Coca-Cola FEMSA Brasil<\/li>\n\n\n\n<li>21 e 22\/11 &#8211; Praia Grande\/SP &#8211; Patroc\u00ednio Coca-Cola FEMSA Brasil<\/li>\n\n\n\n<li>28 e 29\/11 &#8211; Guaruj\u00e1\/SP &#8211; Patroc\u00ednio Coca-Cola FEMSA Brasil<\/li>\n\n\n\n<li>03 e 04\/12 &#8211; Peru\u00edbe\/SP &#8211; Patroc\u00ednio Coca-Cola FEMSA Brasil<\/li>\n\n\n\n<li>05 e 06\/12 &#8211; Mongagu\u00e1\/SP &#8211; Patroc\u00ednio Coca-Cola FEMSA Brasil<\/li>\n\n\n\n<li>11 e 12\/12 &#8211; Santos\/SP &#8211; Patroc\u00ednio Coca-Cola FEMSA Brasil<\/li>\n\n\n\n<li>13 e 14\/12 &#8211; Registro\/SP &#8211; Patroc\u00ednio Coca-Cola FEMSA Brasil<\/li>\n<\/ul>\n\n\n\n<p><\/p>\n\n\n\n<p><\/p>\n\n\n\n<p><\/p>\n\n\n\n<p>Realiza\u00e7\u00e3o do Grupo Teatro a Bordo com o apoio da Lei Rouanet de Incentivo \u00e0 Cultura, do Minist\u00e9rio da Cultura.<\/p>\n\n\n\n<p><\/p>\n\n\n\n<p><\/p>\n\n\n\n<p><\/p>\n\n\n\n<p class=\"has-vivid-red-color has-text-color\"><\/p>\n\n\n\n<p><\/p>\n","protected":false},"excerpt":{"rendered":"<p>Acesse nossas redes sociais ABRIL, AGOSTO e SETEMBRO\/2025 (PROJETO TEATRO A BORDO) MAIO, JUNHO, JULHO, AGOSTO E NOVEMBRO\/2025 (PROJETO CAIXOLA RECICLA &#8211; CONTINUIDADE) SETEMBRO e OUTUBRO\/2025 (PROJETO CAIXOLA RECICLA) NOVEMBRO\/2025 (PROJETO CAIXOLA DE HIST\u00d3RIAS NO CIRCUITO RURAL)* *Projeto contemplado no Edital Fomento CultSP PNAB n\u00ba 27\/2024. Realiza\u00e7\u00e3o: CultSP; Secretaria da Cultura, Economia e Ind\u00fastria Criativas; Governo do Estado de S\u00e3o Paulo; Pol\u00edtica Nacional Aldir Blanc de Fomento \u00e0 Cultura; Minist\u00e9rio da Cultura e Governo Federal. NOVEMBRO E DEZEMBRO\/2025 (PROJETO CAIXOLA RECICLA) Realiza\u00e7\u00e3o do Grupo Teatro a Bordo com o apoio da Lei Rouanet de Incentivo \u00e0 Cultura, do Minist\u00e9rio da [&hellip;]<\/p>\n","protected":false},"author":2,"featured_media":683,"parent":0,"menu_order":0,"comment_status":"closed","ping_status":"closed","template":"","meta":{"footnotes":""},"class_list":["post-682","page","type-page","status-publish","has-post-thumbnail","hentry"],"publishpress_future_action":{"enabled":false,"date":"0","action":"","terms":[],"taxonomy":""},"_links":{"self":[{"href":"https:\/\/teatroabordo.com.br\/site\/wp-json\/wp\/v2\/pages\/682","targetHints":{"allow":["GET"]}}],"collection":[{"href":"https:\/\/teatroabordo.com.br\/site\/wp-json\/wp\/v2\/pages"}],"about":[{"href":"https:\/\/teatroabordo.com.br\/site\/wp-json\/wp\/v2\/types\/page"}],"author":[{"embeddable":true,"href":"https:\/\/teatroabordo.com.br\/site\/wp-json\/wp\/v2\/users\/2"}],"replies":[{"embeddable":true,"href":"https:\/\/teatroabordo.com.br\/site\/wp-json\/wp\/v2\/comments?post=682"}],"version-history":[{"count":29,"href":"https:\/\/teatroabordo.com.br\/site\/wp-json\/wp\/v2\/pages\/682\/revisions"}],"predecessor-version":[{"id":2449,"href":"https:\/\/teatroabordo.com.br\/site\/wp-json\/wp\/v2\/pages\/682\/revisions\/2449"}],"wp:featuredmedia":[{"embeddable":true,"href":"https:\/\/teatroabordo.com.br\/site\/wp-json\/wp\/v2\/media\/683"}],"wp:attachment":[{"href":"https:\/\/teatroabordo.com.br\/site\/wp-json\/wp\/v2\/media?parent=682"}],"curies":[{"name":"wp","href":"https:\/\/api.w.org\/{rel}","templated":true}]}}